{"id":348,"date":"2025-05-13T11:15:15","date_gmt":"2025-05-13T09:15:15","guid":{"rendered":"https:\/\/web01.devel.nfdi4immuno.de\/?page_id=348"},"modified":"2025-08-01T09:40:43","modified_gmt":"2025-08-01T07:40:43","slug":"accessibility-statement","status":"publish","type":"page","link":"https:\/\/www.nfdi4immuno.de\/?page_id=348","title":{"rendered":"Accessibility Statement"},"content":{"rendered":"\t\t<div data-elementor-type=\"wp-page\" data-elementor-id=\"348\" class=\"elementor elementor-348\" data-elementor-post-type=\"page\">\n\t\t\t\t<div class=\"elementor-element elementor-element-72e76c0b e-flex e-con-boxed e-con e-parent\" data-id=\"72e76c0b\" data-element_type=\"container\" data-e-type=\"container\">\n\t\t\t\t\t<div class=\"e-con-inner\">\n\t\t\t\t<div class=\"elementor-element elementor-element-2a2b7a6b elementor-widget elementor-widget-heading\" data-id=\"2a2b7a6b\" data-element_type=\"widget\" data-e-type=\"widget\" data-widget_type=\"heading.default\">\n\t\t\t\t<div class=\"elementor-widget-container\">\n\t\t\t\t\t<h2 class=\"elementor-heading-title elementor-size-default\">Accessibility<\/h2>\t\t\t\t<\/div>\n\t\t\t\t<\/div>\n\t\t<div class=\"elementor-element elementor-element-7e5398cd e-con-full e-flex e-con e-child\" data-id=\"7e5398cd\" data-element_type=\"container\" data-e-type=\"container\">\n\t\t\t\t<div class=\"elementor-element elementor-element-76e276ce elementor-widget__width-initial elementor-widget-divider--view-line elementor-widget elementor-widget-divider\" data-id=\"76e276ce\" data-element_type=\"widget\" data-e-type=\"widget\" data-widget_type=\"divider.default\">\n\t\t\t\t<div class=\"elementor-widget-container\">\n\t\t\t\t\t\t\t<div class=\"elementor-divider\">\n\t\t\t<span class=\"elementor-divider-separator\">\n\t\t\t\t\t\t<\/span>\n\t\t<\/div>\n\t\t\t\t\t\t<\/div>\n\t\t\t\t<\/div>\n\t\t\t\t<div class=\"elementor-element elementor-element-49bff4e0 elementor-widget__width-initial elementor-widget elementor-widget-heading\" data-id=\"49bff4e0\" data-element_type=\"widget\" data-e-type=\"widget\" data-widget_type=\"heading.default\">\n\t\t\t\t<div class=\"elementor-widget-container\">\n\t\t\t\t\t<h2 class=\"elementor-heading-title elementor-size-default\">Statement<\/h2>\t\t\t\t<\/div>\n\t\t\t\t<\/div>\n\t\t\t\t<div class=\"elementor-element elementor-element-6a533a6c elementor-widget-divider--view-line elementor-widget elementor-widget-divider\" data-id=\"6a533a6c\" data-element_type=\"widget\" data-e-type=\"widget\" data-widget_type=\"divider.default\">\n\t\t\t\t<div class=\"elementor-widget-container\">\n\t\t\t\t\t\t\t<div class=\"elementor-divider\">\n\t\t\t<span class=\"elementor-divider-separator\">\n\t\t\t\t\t\t<\/span>\n\t\t<\/div>\n\t\t\t\t\t\t<\/div>\n\t\t\t\t<\/div>\n\t\t\t\t<\/div>\n\t\t\t\t<div class=\"elementor-element elementor-element-7678f81b elementor-widget elementor-widget-text-editor\" data-id=\"7678f81b\" data-element_type=\"widget\" data-e-type=\"widget\" data-widget_type=\"text-editor.default\">\n\t\t\t\t<div class=\"elementor-widget-container\">\n\t\t\t\t\t\t\t\t\t<div id=\"statement_header\"><p data-start=\"0\" data-end=\"46\"><strong data-start=\"0\" data-end=\"46\">Barrierefreiheitserkl\u00e4rung f\u00fcr NFDI4Immuno<\/strong><\/p><p data-start=\"48\" data-end=\"108\">Dies ist die Barrierefreiheitserkl\u00e4rung von <strong data-start=\"92\" data-end=\"107\">NFDI4Immuno<\/strong>.<\/p><p data-start=\"110\" data-end=\"162\"><strong data-start=\"110\" data-end=\"162\">Ma\u00dfnahmen zur Unterst\u00fctzung der Barrierefreiheit<\/strong><\/p><p data-start=\"164\" data-end=\"260\">NFDI4Immuno trifft die folgenden Ma\u00dfnahmen, um die Barrierefreiheit der Website sicherzustellen:<\/p><ul data-start=\"262\" data-end=\"403\"><li data-start=\"262\" data-end=\"330\"><p data-start=\"264\" data-end=\"330\">Klare Barrierefreiheitsziele und Verantwortlichkeiten festlegen.<\/p><\/li><li data-start=\"331\" data-end=\"403\"><p data-start=\"333\" data-end=\"403\">Formale Methoden zur Qualit\u00e4tssicherung der Barrierefreiheit anwenden.<\/p><\/li><\/ul><p data-start=\"405\" data-end=\"427\"><strong data-start=\"405\" data-end=\"427\">Konformit\u00e4tsstatus<\/strong><\/p><p data-start=\"429\" data-end=\"868\">Die <em data-start=\"433\" data-end=\"478\">Web Content Accessibility Guidelines (WCAG)<\/em> definieren Anforderungen f\u00fcr Entwickler<em data-start=\"518\" data-end=\"538\">innen und Designer<\/em>innen, um die Zug\u00e4nglichkeit f\u00fcr Menschen mit Behinderungen zu verbessern. Es gibt drei Stufen der Konformit\u00e4t: Stufe A, Stufe AA und Stufe AAA.<br data-start=\"682\" data-end=\"685\" \/><strong data-start=\"685\" data-end=\"745\">NFDI4Immuno ist teilweise konform mit WCAG 2.1 Stufe AA.<\/strong> Teilweise konform bedeutet, dass einige Teile der Inhalte nicht vollst\u00e4ndig dem Standard f\u00fcr Barrierefreiheit entsprechen.<\/p><p data-start=\"870\" data-end=\"906\"><strong data-start=\"870\" data-end=\"906\">Einschr\u00e4nkungen und Alternativen<\/strong><\/p><p data-start=\"908\" data-end=\"1220\">Trotz unserer Bem\u00fchungen, die Barrierefreiheit von NFDI4Immuno sicherzustellen, kann es zu einigen Einschr\u00e4nkungen kommen. Nachfolgend finden Sie eine Beschreibung der bekannten Einschr\u00e4nkungen sowie m\u00f6glicher L\u00f6sungen. Bitte kontaktieren Sie uns, wenn Sie ein Problem feststellen, das hier nicht aufgef\u00fchrt ist.<\/p><p data-start=\"1222\" data-end=\"1267\"><strong data-start=\"1222\" data-end=\"1267\">Bekannte Einschr\u00e4nkungen f\u00fcr NFDI4Immuno:<\/strong><\/p><p data-start=\"1269\" data-end=\"1352\">Keine bekannten Einschr\u00e4nkungen<br \/>Bitte kontaktieren Sie uns per E-Mail, wenn Sie auf ein Problem sto\u00dfen.<\/p><p data-start=\"1354\" data-end=\"1375\"><strong data-start=\"1354\" data-end=\"1375\">Bewertungsmethode<\/strong><\/p><p data-start=\"1377\" data-end=\"1459\">NFDI4Immuno hat die Barrierefreiheit der Website durch folgende Ma\u00dfnahme bewertet:<\/p><ul data-start=\"1461\" data-end=\"1478\"><li data-start=\"1461\" data-end=\"1478\"><p data-start=\"1463\" data-end=\"1478\">Selbstbewertung<\/p><\/li><\/ul><p data-start=\"1491\" data-end=\"1597\" data-is-last-node=\"\" data-is-only-node=\"\">Diese angepasste Erkl\u00e4rung wurde am <strong data-start=\"1516\" data-end=\"1532\">13. Mai 2025<\/strong> mit dem <strong data-start=\"1541\" data-end=\"1587\">W3C Accessibility Statement Generator Tool<\/strong> erstellt.<\/p><\/div>\t\t\t\t\t\t\t\t<\/div>\n\t\t\t\t<\/div>\n\t\t\t\t<div class=\"elementor-element elementor-element-51063869 elementor-widget-divider--view-line elementor-widget elementor-widget-divider\" data-id=\"51063869\" data-element_type=\"widget\" data-e-type=\"widget\" data-widget_type=\"divider.default\">\n\t\t\t\t<div class=\"elementor-widget-container\">\n\t\t\t\t\t\t\t<div class=\"elementor-divider\">\n\t\t\t<span class=\"elementor-divider-separator\">\n\t\t\t\t\t\t<\/span>\n\t\t<\/div>\n\t\t\t\t\t\t<\/div>\n\t\t\t\t<\/div>\n\t\t\t\t\t<\/div>\n\t\t\t\t<\/div>\n\t\t<div class=\"elementor-element elementor-element-5f5a2ac9 e-flex e-con-boxed e-con e-parent\" data-id=\"5f5a2ac9\" data-element_type=\"container\" data-e-type=\"container\">\n\t\t\t\t\t<div class=\"e-con-inner\">\n\t\t<div class=\"elementor-element elementor-element-606cbb59 e-con-full e-flex e-con e-child\" data-id=\"606cbb59\" data-element_type=\"container\" data-e-type=\"container\">\n\t\t\t\t<div class=\"elementor-element elementor-element-4ad8dac7 elementor-widget elementor-widget-heading\" data-id=\"4ad8dac7\" data-element_type=\"widget\" data-e-type=\"widget\" data-widget_type=\"heading.default\">\n\t\t\t\t<div class=\"elementor-widget-container\">\n\t\t\t\t\t<h2 class=\"elementor-heading-title elementor-size-default\"><a href=\"https:\/\/www.nfdi4immuno.de\/?page_id=258\">Contact<\/a><\/h2>\t\t\t\t<\/div>\n\t\t\t\t<\/div>\n\t\t\t\t<\/div>\n\t\t\t\t\t<\/div>\n\t\t\t\t<\/div>\n\t\t\t\t<\/div>\n\t\t","protected":false},"excerpt":{"rendered":"<p>Accessibility Statement Barrierefreiheitserkl\u00e4rung f\u00fcr NFDI4Immuno Dies ist die Barrierefreiheitserkl\u00e4rung von NFDI4Immuno. Ma\u00dfnahmen zur Unterst\u00fctzung der Barrierefreiheit NFDI4Immuno trifft die folgenden Ma\u00dfnahmen, um die Barrierefreiheit der Website sicherzustellen: Klare Barrierefreiheitsziele und Verantwortlichkeiten festlegen. Formale Methoden zur Qualit\u00e4tssicherung der Barrierefreiheit anwenden. Konformit\u00e4tsstatus Die Web Content Accessibility Guidelines (WCAG) definieren Anforderungen f\u00fcr Entwicklerinnen und Designerinnen, um die Zug\u00e4nglichkeit [&hellip;]<\/p>\n","protected":false},"author":1,"featured_media":0,"parent":0,"menu_order":0,"comment_status":"closed","ping_status":"closed","template":"","meta":{"ocean_post_layout":"full-screen","ocean_both_sidebars_style":"","ocean_both_sidebars_content_width":0,"ocean_both_sidebars_sidebars_width":0,"ocean_sidebar":"","ocean_second_sidebar":"","ocean_disable_margins":"enable","ocean_add_body_class":"","ocean_shortcode_before_top_bar":"","ocean_shortcode_after_top_bar":"","ocean_shortcode_before_header":"","ocean_shortcode_after_header":"","ocean_has_shortcode":"","ocean_shortcode_after_title":"","ocean_shortcode_before_footer_widgets":"","ocean_shortcode_after_footer_widgets":"","ocean_shortcode_before_footer_bottom":"","ocean_shortcode_after_footer_bottom":"","ocean_display_top_bar":"off","ocean_display_header":"default","ocean_header_style":"","ocean_center_header_left_menu":"","ocean_custom_header_template":"","ocean_custom_logo":0,"ocean_custom_retina_logo":0,"ocean_custom_logo_max_width":0,"ocean_custom_logo_tablet_max_width":0,"ocean_custom_logo_mobile_max_width":0,"ocean_custom_logo_max_height":0,"ocean_custom_logo_tablet_max_height":0,"ocean_custom_logo_mobile_max_height":0,"ocean_header_custom_menu":"","ocean_menu_typo_font_family":"","ocean_menu_typo_font_subset":"","ocean_menu_typo_font_size":0,"ocean_menu_typo_font_size_tablet":0,"ocean_menu_typo_font_size_mobile":0,"ocean_menu_typo_font_size_unit":"px","ocean_menu_typo_font_weight":"","ocean_menu_typo_font_weight_tablet":"","ocean_menu_typo_font_weight_mobile":"","ocean_menu_typo_transform":"","ocean_menu_typo_transform_tablet":"","ocean_menu_typo_transform_mobile":"","ocean_menu_typo_line_height":0,"ocean_menu_typo_line_height_tablet":0,"ocean_menu_typo_line_height_mobile":0,"ocean_menu_typo_line_height_unit":"","ocean_menu_typo_spacing":0,"ocean_menu_typo_spacing_tablet":0,"ocean_menu_typo_spacing_mobile":0,"ocean_menu_typo_spacing_unit":"","ocean_menu_link_color":"","ocean_menu_link_color_hover":"","ocean_menu_link_color_active":"","ocean_menu_link_background":"","ocean_menu_link_hover_background":"","ocean_menu_link_active_background":"","ocean_menu_social_links_bg":"","ocean_menu_social_hover_links_bg":"","ocean_menu_social_links_color":"","ocean_menu_social_hover_links_color":"","ocean_disable_title":"on","ocean_disable_heading":"default","ocean_post_title":"","ocean_post_subheading":"","ocean_post_title_style":"","ocean_post_title_background_color":"","ocean_post_title_background":0,"ocean_post_title_bg_image_position":"","ocean_post_title_bg_image_attachment":"","ocean_post_title_bg_image_repeat":"","ocean_post_title_bg_image_size":"","ocean_post_title_height":0,"ocean_post_title_bg_overlay":0.5,"ocean_post_title_bg_overlay_color":"","ocean_disable_breadcrumbs":"default","ocean_breadcrumbs_color":"","ocean_breadcrumbs_separator_color":"","ocean_breadcrumbs_links_color":"","ocean_breadcrumbs_links_hover_color":"","ocean_display_footer_widgets":"off","ocean_display_footer_bottom":"off","ocean_custom_footer_template":"","footnotes":""},"class_list":["post-348","page","type-page","status-publish","hentry","entry"],"_links":{"self":[{"href":"https:\/\/www.nfdi4immuno.de\/index.php?rest_route=\/wp\/v2\/pages\/348","targetHints":{"allow":["GET"]}}],"collection":[{"href":"https:\/\/www.nfdi4immuno.de\/index.php?rest_route=\/wp\/v2\/pages"}],"about":[{"href":"https:\/\/www.nfdi4immuno.de\/index.php?rest_route=\/wp\/v2\/types\/page"}],"author":[{"embeddable":true,"href":"https:\/\/www.nfdi4immuno.de\/index.php?rest_route=\/wp\/v2\/users\/1"}],"replies":[{"embeddable":true,"href":"https:\/\/www.nfdi4immuno.de\/index.php?rest_route=%2Fwp%2Fv2%2Fcomments&post=348"}],"version-history":[{"count":19,"href":"https:\/\/www.nfdi4immuno.de\/index.php?rest_route=\/wp\/v2\/pages\/348\/revisions"}],"predecessor-version":[{"id":949,"href":"https:\/\/www.nfdi4immuno.de\/index.php?rest_route=\/wp\/v2\/pages\/348\/revisions\/949"}],"wp:attachment":[{"href":"https:\/\/www.nfdi4immuno.de\/index.php?rest_route=%2Fwp%2Fv2%2Fmedia&parent=348"}],"curies":[{"name":"wp","href":"https:\/\/api.w.org\/{rel}","templated":true}]}}